{"id":4287,"date":"2025-06-13T05:20:57","date_gmt":"2025-06-13T05:20:57","guid":{"rendered":"https:\/\/www.holadrive.app\/drivers-2\/"},"modified":"2025-08-14T00:23:26","modified_gmt":"2025-08-14T00:23:26","slug":"partner","status":"publish","type":"page","link":"https:\/\/www.holadrive.app\/fr\/partner\/","title":{"rendered":"Devenir un Partenaire"},"content":{"rendered":"<div data-elementor-type=\"wp-page\" data-elementor-id=\"4287\" class=\"elementor elementor-4287\">\n\t\t\t\t<div class=\"elementor-element elementor-element-10fac8c e-flex e-con-boxed animejs-disable e-con e-parent\" data-id=\"10fac8c\" data-element_type=\"container\" data-settings=\"{&quot;background_background&quot;:&quot;classic&quot;}\">\n\t\t\t\t\t<div class=\"e-con-inner\">\n\t\t\t\t<div class=\"elementor-element elementor-element-11cd4b2 animejs-disable elementor-widget elementor-widget-tg-heading\" data-id=\"11cd4b2\" data-element_type=\"widget\" data-widget_type=\"tg-heading.default\">\n\t\t\t\t<div class=\"elementor-widget-container\">\n\t\t\t\t\t        <h2 class=\"title tg-element-title mb-0\">Devenir un Partenaire<\/h2>\r\n    \t\t\t\t<\/div>\n\t\t\t\t<\/div>\n\t\t\t\t<div class=\"elementor-element elementor-element-0ed5dc7 animejs-disable elementor-widget elementor-widget-tg-heading\" data-id=\"0ed5dc7\" data-element_type=\"widget\" data-widget_type=\"tg-heading.default\">\n\t\t\t\t<div class=\"elementor-widget-container\">\n\t\t\t\t\t        <p class=\"title tg-element-title mb-0\">Au HolaDrive, nous pensons que la mobilit\u00e9 est plus puissant quand il est partag\u00e9. Si vous \u00eates propri\u00e9taire d&#039;un v\u00e9hicule, gestionnaire de parc, \u00e0 l&#039;\u00e9cole, de la marque ou d&#039;un chauffeur sans voiture \u2014 nous vous proposons intelligente, souple possibilit\u00e9s de partenariat qui profite \u00e0 tous.<\/p>\r\n    \t\t\t\t<\/div>\n\t\t\t\t<\/div>\n\t\t<div class=\"elementor-element elementor-element-c6cd174 e-con-full e-flex animejs-disable e-con e-child\" data-id=\"c6cd174\" data-element_type=\"container\">\n\t\t\t\t<div class=\"elementor-element elementor-element-fad970f animejs-disable elementor-widget elementor-widget-tg-btn\" data-id=\"fad970f\" data-element_type=\"widget\" data-widget_type=\"tg-btn.default\">\n\t\t\t\t<div class=\"elementor-widget-container\">\n\t\t\t\t\t\r\n\r\n        \r\n                            <a href=\"https:\/\/www.holadrive.app\/fr\/contact\/\" target=\"_self\" rel=\"nofollow\" class=\"tg-btn btn btn-primary text-white\">\r\n                    Devenir un Partenaire                                    <\/a>\r\n            \r\n        \r\n\t\t\t\t<\/div>\n\t\t\t\t<\/div>\n\t\t\t\t<\/div>\n\t\t\t\t\t<\/div>\n\t\t\t\t<\/div>\n\t\t<div class=\"elementor-element elementor-element-11549b0 e-con-full e-flex animejs-disable e-con e-parent\" data-id=\"11549b0\" data-element_type=\"container\">\n\t\t\t\t<div class=\"elementor-element elementor-element-2034937 animejs-disable elementor-widget elementor-widget-image\" data-id=\"2034937\" data-element_type=\"widget\" data-widget_type=\"image.default\">\n\t\t\t\t<div class=\"elementor-widget-container\">\n\t\t\t\t\t\t\t\t\t\t\t\t\t\t\t<img fetchpriority=\"high\" decoding=\"async\" width=\"1600\" height=\"1068\" src=\"https:\/\/www.holadrive.app\/wp-content\/uploads\/2025\/06\/oqmzwnd3thu.jpg\" class=\"attachment-full size-full wp-image-4289\" alt=\"man writing on paper\" srcset=\"https:\/\/www.holadrive.app\/wp-content\/uploads\/2025\/06\/oqmzwnd3thu.jpg 1600w, https:\/\/www.holadrive.app\/wp-content\/uploads\/2025\/06\/oqmzwnd3thu-300x200.jpg 300w, https:\/\/www.holadrive.app\/wp-content\/uploads\/2025\/06\/oqmzwnd3thu-1024x684.jpg 1024w, https:\/\/www.holadrive.app\/wp-content\/uploads\/2025\/06\/oqmzwnd3thu-768x513.jpg 768w, https:\/\/www.holadrive.app\/wp-content\/uploads\/2025\/06\/oqmzwnd3thu-1536x1025.jpg 1536w\" sizes=\"(max-width: 1600px) 100vw, 1600px\" \/>\t\t\t\t\t\t\t\t\t\t\t\t\t\t\t<\/div>\n\t\t\t\t<\/div>\n\t\t\t\t<\/div>\n\t\t<div class=\"elementor-element elementor-element-da0a2bb uc-dark dark:bg-gray-300 dark:bg-opacity-10 e-flex e-con-boxed animejs-disable e-con e-parent\" data-id=\"da0a2bb\" data-element_type=\"container\" data-settings=\"{&quot;background_background&quot;:&quot;classic&quot;}\">\n\t\t\t\t\t<div class=\"e-con-inner\">\n\t\t<div class=\"elementor-element elementor-element-b0d7be4 e-con-full animejs-onview e-flex animejs-element e-con e-child\" data-id=\"b0d7be4\" data-element_type=\"container\" data-anime=\"onview: -200; loop: false; opacity: [0, 1]; translateY: [48, 0]; easing: &#039;spring(1, 80, 10, 0)&#039;; duration: 450; delay: 100\" data-anime-devices=\"mobile,tablet,desktop\">\n\t\t<div class=\"elementor-element elementor-element-cc45c1b e-con-full e-flex animejs-disable e-con e-child\" data-id=\"cc45c1b\" data-element_type=\"container\">\n\t\t\t\t<div class=\"elementor-element elementor-element-e29a918 animejs-disable elementor-widget elementor-widget-tg-heading\" data-id=\"e29a918\" data-element_type=\"widget\" data-widget_type=\"tg-heading.default\">\n\t\t\t\t<div class=\"elementor-widget-container\">\n\t\t\t\t\t        <h2 class=\"title tg-element-title mb-0\">Pr\u00eats \u00e0 collaborer avec HolaDrive?<\/h2>\r\n    \t\t\t\t<\/div>\n\t\t\t\t<\/div>\n\t\t\t\t<div class=\"elementor-element elementor-element-4ab0931 dark:text-white text-dark text-opacity-70 animejs-disable elementor-widget elementor-widget-tg-heading\" data-id=\"4ab0931\" data-element_type=\"widget\" data-widget_type=\"tg-heading.default\">\n\t\t\t\t<div class=\"elementor-widget-container\">\n\t\t\t\t\t        <p class=\"title tg-element-title mb-0\">Communiquer avec nous au <a href=\"\/fr\/partners@holadrive.app\/\">partners@holadrive.app<\/a><\/p>\r\n    \t\t\t\t<\/div>\n\t\t\t\t<\/div>\n\t\t\t\t<div class=\"elementor-element elementor-element-f047c42 dark:text-white text-dark text-opacity-70 animejs-disable elementor-widget elementor-widget-tg-heading\" data-id=\"f047c42\" data-element_type=\"widget\" data-widget_type=\"tg-heading.default\">\n\t\t\t\t<div class=\"elementor-widget-container\">\n\t\t\t\t\t        <p class=\"title tg-element-title mb-0\">Nous allons vous aider \u00e0 obtenir commenc\u00e9 avec un plan personnalis\u00e9 qui correspond \u00e0 vos objectifs.<\/p>\r\n    \t\t\t\t<\/div>\n\t\t\t\t<\/div>\n\t\t\t\t<\/div>\n\t\t<div class=\"elementor-element elementor-element-fd54c7f e-con-full e-flex animejs-disable e-con e-child\" data-id=\"fd54c7f\" data-element_type=\"container\">\n\t\t\t\t<div class=\"elementor-element elementor-element-17cbc1b animejs-disable elementor-widget elementor-widget-image\" data-id=\"17cbc1b\" data-element_type=\"widget\" data-widget_type=\"image.default\">\n\t\t\t\t<div class=\"elementor-widget-container\">\n\t\t\t\t\t\t\t\t\t\t\t\t\t\t\t<img decoding=\"async\" width=\"780\" height=\"728\" src=\"https:\/\/www.holadrive.app\/wp-content\/uploads\/2025\/05\/Frame-1.jpg\" class=\"attachment-full size-full wp-image-3403\" alt=\"\" srcset=\"https:\/\/www.holadrive.app\/wp-content\/uploads\/2025\/05\/Frame-1.jpg 780w, https:\/\/www.holadrive.app\/wp-content\/uploads\/2025\/05\/Frame-1-300x280.jpg 300w, https:\/\/www.holadrive.app\/wp-content\/uploads\/2025\/05\/Frame-1-768x717.jpg 768w, https:\/\/www.holadrive.app\/wp-content\/uploads\/2025\/05\/Frame-1-650x607.jpg 650w\" sizes=\"(max-width: 780px) 100vw, 780px\" \/>\t\t\t\t\t\t\t\t\t\t\t\t\t\t\t<\/div>\n\t\t\t\t<\/div>\n\t\t\t\t<\/div>\n\t\t\t\t<\/div>\n\t\t\t\t\t<\/div>\n\t\t\t\t<\/div>\n\t\t\t\t<\/div>","protected":false},"excerpt":{"rendered":"<p>Become a Partner At HolaDrive, we believe that mobility is more powerful when it\u2019s shared. Whether you\u2019re a vehicle owner, fleet manager, school, brand, or a driver without a car \u2014 we offer smart, flexible partnership opportunities that benefit everyone. Become a Partner Ready to partner with HolaDrive? Reach out to us at partners@holadrive.app We\u2019ll [&hellip;]<\/p>","protected":false},"author":1,"featured_media":0,"parent":0,"menu_order":0,"comment_status":"closed","ping_status":"closed","template":"elementor_header_footer","meta":{"_acf_changed":false,"footnotes":""},"class_list":["post-4287","page","type-page","status-publish","hentry"],"acf":[],"yoast_head":"<!-- This site is optimized with the Yoast SEO plugin v25.6 - https:\/\/yoast.com\/wordpress\/plugins\/seo\/ -->\n<title>Become a Partner - HolaDrive | AI Driven Ride-Sharing App | Care, Safety, Respect<\/title>\n<meta name=\"robots\" content=\"index, follow, max-snippet:-1, max-image-preview:large, max-video-preview:-1\" \/>\n<link rel=\"canonical\" href=\"https:\/\/www.holadrive.app\/fr\/partner\/\" \/>\n<meta property=\"og:locale\" content=\"fr_CA\" \/>\n<meta property=\"og:type\" content=\"article\" \/>\n<meta property=\"og:title\" content=\"Become a Partner - HolaDrive | AI Driven Ride-Sharing App | Care, Safety, Respect\" \/>\n<meta property=\"og:description\" content=\"Become a Partner At HolaDrive, we believe that mobility is more powerful when it\u2019s shared. Whether you\u2019re a vehicle owner, fleet manager, school, brand, or a driver without a car \u2014 we offer smart, flexible partnership opportunities that benefit everyone. Become a Partner Ready to partner with HolaDrive? Reach out to us at partners@holadrive.app We\u2019ll [&hellip;]\" \/>\n<meta property=\"og:url\" content=\"https:\/\/www.holadrive.app\/fr\/partner\/\" \/>\n<meta property=\"og:site_name\" content=\"HolaDrive | AI Driven Ride-Sharing App | Care, Safety, Respect\" \/>\n<meta property=\"article:modified_time\" content=\"2025-08-14T00:23:26+00:00\" \/>\n<meta property=\"og:image\" content=\"https:\/\/www.holadrive.app\/wp-content\/uploads\/2025\/06\/oqmzwnd3thu.jpg\" \/>\n\t<meta property=\"og:image:width\" content=\"1600\" \/>\n\t<meta property=\"og:image:height\" content=\"1068\" \/>\n\t<meta property=\"og:image:type\" content=\"image\/jpeg\" \/>\n<meta name=\"twitter:card\" content=\"summary_large_image\" \/>\n<meta name=\"twitter:label1\" content=\"Estimation du temps de lecture\" \/>\n\t<meta name=\"twitter:data1\" content=\"1 minute\" \/>\n<script type=\"application\/ld+json\" class=\"yoast-schema-graph\">{\"@context\":\"https:\/\/schema.org\",\"@graph\":[{\"@type\":\"WebPage\",\"@id\":\"https:\/\/www.holadrive.app\/partner\/\",\"url\":\"https:\/\/www.holadrive.app\/partner\/\",\"name\":\"Become a Partner - HolaDrive | AI Driven Ride-Sharing App | Care, Safety, Respect\",\"isPartOf\":{\"@id\":\"https:\/\/www.holadrive.app\/#website\"},\"primaryImageOfPage\":{\"@id\":\"https:\/\/www.holadrive.app\/partner\/#primaryimage\"},\"image\":{\"@id\":\"https:\/\/www.holadrive.app\/partner\/#primaryimage\"},\"thumbnailUrl\":\"https:\/\/www.holadrive.app\/wp-content\/uploads\/2025\/06\/oqmzwnd3thu.jpg\",\"datePublished\":\"2025-06-13T05:20:57+00:00\",\"dateModified\":\"2025-08-14T00:23:26+00:00\",\"breadcrumb\":{\"@id\":\"https:\/\/www.holadrive.app\/partner\/#breadcrumb\"},\"inLanguage\":\"fr-CA\",\"potentialAction\":[{\"@type\":\"ReadAction\",\"target\":[\"https:\/\/www.holadrive.app\/partner\/\"]}]},{\"@type\":\"ImageObject\",\"inLanguage\":\"fr-CA\",\"@id\":\"https:\/\/www.holadrive.app\/partner\/#primaryimage\",\"url\":\"https:\/\/www.holadrive.app\/wp-content\/uploads\/2025\/06\/oqmzwnd3thu.jpg\",\"contentUrl\":\"https:\/\/www.holadrive.app\/wp-content\/uploads\/2025\/06\/oqmzwnd3thu.jpg\"},{\"@type\":\"BreadcrumbList\",\"@id\":\"https:\/\/www.holadrive.app\/partner\/#breadcrumb\",\"itemListElement\":[{\"@type\":\"ListItem\",\"position\":1,\"name\":\"Home\",\"item\":\"https:\/\/www.holadrive.app\/\"},{\"@type\":\"ListItem\",\"position\":2,\"name\":\"Become a Partner\"}]},{\"@type\":\"WebSite\",\"@id\":\"https:\/\/www.holadrive.app\/#website\",\"url\":\"https:\/\/www.holadrive.app\/\",\"name\":\"HolaDrive | AI Driven Ride-Sharing App | Care, Safety, Respect\",\"description\":\"HolaDrive is your all-in-one driving app. Get access to top-rated vehicles and drivers in just a few taps, making your journey smooth and hassle-free, wherever you&#039;re headed.\",\"alternateName\":\"HolaDrive is your all-in-one driving app. Get access to top-rated vehicles and drivers in just a few taps, making your journey smooth and hassle-free, wherever you&#039;re headed.\",\"potentialAction\":[{\"@type\":\"SearchAction\",\"target\":{\"@type\":\"EntryPoint\",\"urlTemplate\":\"https:\/\/www.holadrive.app\/?s={search_term_string}\"},\"query-input\":{\"@type\":\"PropertyValueSpecification\",\"valueRequired\":true,\"valueName\":\"search_term_string\"}}],\"inLanguage\":\"fr-CA\"}]}<\/script>\n<!-- \/ Yoast SEO plugin. -->","yoast_head_json":{"title":"Become a Partner - HolaDrive | AI Driven Ride-Sharing App | Care, Safety, Respect","robots":{"index":"index","follow":"follow","max-snippet":"max-snippet:-1","max-image-preview":"max-image-preview:large","max-video-preview":"max-video-preview:-1"},"canonical":"https:\/\/www.holadrive.app\/fr\/partner\/","og_locale":"fr_CA","og_type":"article","og_title":"Become a Partner - HolaDrive | AI Driven Ride-Sharing App | Care, Safety, Respect","og_description":"Become a Partner At HolaDrive, we believe that mobility is more powerful when it\u2019s shared. Whether you\u2019re a vehicle owner, fleet manager, school, brand, or a driver without a car \u2014 we offer smart, flexible partnership opportunities that benefit everyone. Become a Partner Ready to partner with HolaDrive? Reach out to us at partners@holadrive.app We\u2019ll [&hellip;]","og_url":"https:\/\/www.holadrive.app\/fr\/partner\/","og_site_name":"HolaDrive | AI Driven Ride-Sharing App | Care, Safety, Respect","article_modified_time":"2025-08-14T00:23:26+00:00","og_image":[{"width":1600,"height":1068,"url":"https:\/\/www.holadrive.app\/wp-content\/uploads\/2025\/06\/oqmzwnd3thu.jpg","type":"image\/jpeg"}],"twitter_card":"summary_large_image","twitter_misc":{"Estimation du temps de lecture":"1 minute"},"schema":{"@context":"https:\/\/schema.org","@graph":[{"@type":"WebPage","@id":"https:\/\/www.holadrive.app\/partner\/","url":"https:\/\/www.holadrive.app\/partner\/","name":"Become a Partner - HolaDrive | AI Driven Ride-Sharing App | Care, Safety, Respect","isPartOf":{"@id":"https:\/\/www.holadrive.app\/#website"},"primaryImageOfPage":{"@id":"https:\/\/www.holadrive.app\/partner\/#primaryimage"},"image":{"@id":"https:\/\/www.holadrive.app\/partner\/#primaryimage"},"thumbnailUrl":"https:\/\/www.holadrive.app\/wp-content\/uploads\/2025\/06\/oqmzwnd3thu.jpg","datePublished":"2025-06-13T05:20:57+00:00","dateModified":"2025-08-14T00:23:26+00:00","breadcrumb":{"@id":"https:\/\/www.holadrive.app\/partner\/#breadcrumb"},"inLanguage":"fr-CA","potentialAction":[{"@type":"ReadAction","target":["https:\/\/www.holadrive.app\/partner\/"]}]},{"@type":"ImageObject","inLanguage":"fr-CA","@id":"https:\/\/www.holadrive.app\/partner\/#primaryimage","url":"https:\/\/www.holadrive.app\/wp-content\/uploads\/2025\/06\/oqmzwnd3thu.jpg","contentUrl":"https:\/\/www.holadrive.app\/wp-content\/uploads\/2025\/06\/oqmzwnd3thu.jpg"},{"@type":"BreadcrumbList","@id":"https:\/\/www.holadrive.app\/partner\/#breadcrumb","itemListElement":[{"@type":"ListItem","position":1,"name":"Home","item":"https:\/\/www.holadrive.app\/"},{"@type":"ListItem","position":2,"name":"Become a Partner"}]},{"@type":"WebSite","@id":"https:\/\/www.holadrive.app\/#website","url":"https:\/\/www.holadrive.app\/","name":"HolaDrive | AI Driven Ride-Sharing App | Care, Safety, Respect","description":"HolaDrive is your all-in-one driving app. Get access to top-rated vehicles and drivers in just a few taps, making your journey smooth and hassle-free, wherever you&#039;re headed.","alternateName":"HolaDrive is your all-in-one driving app. Get access to top-rated vehicles and drivers in just a few taps, making your journey smooth and hassle-free, wherever you&#039;re headed.","potentialAction":[{"@type":"SearchAction","target":{"@type":"EntryPoint","urlTemplate":"https:\/\/www.holadrive.app\/?s={search_term_string}"},"query-input":{"@type":"PropertyValueSpecification","valueRequired":true,"valueName":"search_term_string"}}],"inLanguage":"fr-CA"}]}},"_links":{"self":[{"href":"https:\/\/www.holadrive.app\/fr\/wp-json\/wp\/v2\/pages\/4287","targetHints":{"allow":["GET"]}}],"collection":[{"href":"https:\/\/www.holadrive.app\/fr\/wp-json\/wp\/v2\/pages"}],"about":[{"href":"https:\/\/www.holadrive.app\/fr\/wp-json\/wp\/v2\/types\/page"}],"author":[{"embeddable":true,"href":"https:\/\/www.holadrive.app\/fr\/wp-json\/wp\/v2\/users\/1"}],"replies":[{"embeddable":true,"href":"https:\/\/www.holadrive.app\/fr\/wp-json\/wp\/v2\/comments?post=4287"}],"version-history":[{"count":7,"href":"https:\/\/www.holadrive.app\/fr\/wp-json\/wp\/v2\/pages\/4287\/revisions"}],"predecessor-version":[{"id":4476,"href":"https:\/\/www.holadrive.app\/fr\/wp-json\/wp\/v2\/pages\/4287\/revisions\/4476"}],"wp:attachment":[{"href":"https:\/\/www.holadrive.app\/fr\/wp-json\/wp\/v2\/media?parent=4287"}],"curies":[{"name":"wp","href":"https:\/\/api.w.org\/{rel}","templated":true}]}}